{"id":8060,"date":"2018-08-30T12:35:58","date_gmt":"2018-08-30T15:35:58","guid":{"rendered":"https:\/\/dges-cba.infd.edu.ar\/sitio\/documentos\/"},"modified":"2025-05-15T09:06:04","modified_gmt":"2025-05-15T12:06:04","slug":"documentos","status":"publish","type":"page","link":"https:\/\/dges-cba.infd.edu.ar\/sitio\/documentos\/","title":{"rendered":"Documentos"},"content":{"rendered":"<p style=\"text-align: center;\"><span style=\"font-family: arial, helvetica, sans-serif; font-size: 12pt;\"><strong>Documentos<\/strong><\/span><\/p>\n<table border=\"0\">\n<tbody>\n<tr>\n<td><img decoding=\"async\" loading=\"lazy\" style=\"display: block; margin-left: auto; margin-right: auto;\" title=\"Icono Link\" src=\"https:\/\/dges-cba.infd.edu.ar\/sitio\/wp-content\/uploads\/2018\/08\/icono_link.png\" alt=\"Icono Link\" width=\"60%\" height=\"60%\" border=\"0\"><\/td>\n<td><span style=\"font-family: arial, helvetica, sans-serif; font-size: 10pt;\"><strong><a title=\"Evaluaci\u00f3n Desarrollo Curricular\" href=\"https:\/\/dges-cba.infd.edu.ar\/sitio\/evaluacion-desarrollo-curricular\/\">Evaluaci\u00f3n Desarrollo Curricular<\/a><\/strong><\/span><\/td>\n<\/tr>\n<tr>\n<td><img decoding=\"async\" loading=\"lazy\" style=\"display: block; margin-left: auto; margin-right: auto;\" title=\"Icono Link\" src=\"https:\/\/dges-cba.infd.edu.ar\/sitio\/wp-content\/uploads\/2018\/08\/icono_link.png\" alt=\"Icono Link\" width=\"60%\" height=\"60%\" border=\"0\"><\/td>\n<td><span style=\"font-family: arial, helvetica, sans-serif; font-size: 10pt;\"><strong><a href=\"https:\/\/dges-cba.infd.edu.ar\/sitio\/wp-content\/uploads\/2019\/04\/PES-2019-DGES-01.04.2019.pdf\" target=\"_blank\" rel=\"noopener\">Plan de Acci\u00f3n 2019 (PES 2019 &#8211; PDF)<\/a>&nbsp;<\/strong>&#8211; <strong><a href=\"https:\/\/dges-cba.infd.edu.ar\/sitio\/wp-content\/uploads\/2019\/04\/REUNION-DIRECTORES-PES-2019_DEFINITIVA.pptx\" target=\"_blank\" rel=\"noopener\">Plan de Acci\u00f3n 2019 (PES 2019 &#8211; POWER POINT)<\/a><\/strong><\/span><\/td>\n<\/tr>\n<tr>\n<td><img decoding=\"async\" loading=\"lazy\" style=\"display: block; margin-left: auto; margin-right: auto;\" title=\"Icono Link\" src=\"https:\/\/dges-cba.infd.edu.ar\/sitio\/wp-content\/uploads\/2018\/08\/icono_link.png\" alt=\"Icono Link\" width=\"60%\" height=\"60%\" border=\"0\"><\/td>\n<td><span style=\"font-family: arial, helvetica, sans-serif; font-size: 10pt;\"><strong><a href=\"upload\/PES_DGES_2018.pdf\" target=\"_blank\" rel=\"noopener\">Plan de Acci\u00f3n 2018 (PES 2018 &#8211; PDF)<\/a>&nbsp;<\/strong>&#8211; <strong><a href=\"upload\/Plan_Estrategico_Situacional_2018.pptx\" target=\"_blank\" rel=\"noopener\">Plan de Acci\u00f3n 2018 (PES 2018 &#8211; POWER POINT)<\/a><\/strong><\/span><\/td>\n<\/tr>\n<tr>\n<td><img decoding=\"async\" loading=\"lazy\" style=\"display: block; margin-left: auto; margin-right: auto;\" title=\"Icono Link\" src=\"https:\/\/dges-cba.infd.edu.ar\/sitio\/wp-content\/uploads\/2018\/08\/icono_link.png\" alt=\"Icono Link\" width=\"60%\" height=\"60%\" border=\"0\"><\/td>\n<td><span style=\"font-family: arial, helvetica, sans-serif; font-size: 10pt;\"><strong><a title=\"Desarrollo Profesional\" href=\"index.cgi?wid_item=220&amp;wid_seccion=17\">Desarrollo Profesional<\/a><\/strong><\/span><\/td>\n<\/tr>\n<tr>\n<td><img decoding=\"async\" loading=\"lazy\" style=\"display: block; margin-left: auto; margin-right: auto;\" title=\"Icono Link\" src=\"https:\/\/dges-cba.infd.edu.ar\/sitio\/wp-content\/uploads\/2018\/08\/icono_link.png\" alt=\"Icono Link\" width=\"60%\" height=\"60%\" border=\"0\"><\/td>\n<td><span style=\"font-family: arial, helvetica, sans-serif; font-size: 10pt;\"><strong><a href=\"https:\/\/dges-cba.infd.edu.ar\/sitio\/cuadernos-de-trabajo-dges-unc\/\">Cuadernos de trabajo-Propuestas de integraci\u00f3n de saberes en la Escuela Secundaria. Proyecto de Articulaci\u00f3n e Integraci\u00f3n de la Formaci\u00f3n Docente. DGES &#8211; UNC<\/a><\/strong><\/span><\/td>\n<\/tr>\n<tr>\n<td><img decoding=\"async\" loading=\"lazy\" style=\"display: block; margin-left: auto; margin-right: auto;\" title=\"Icono Link\" src=\"https:\/\/dges-cba.infd.edu.ar\/sitio\/wp-content\/uploads\/2018\/08\/icono_link.png\" alt=\"Icono Link\" width=\"60%\" height=\"60%\" border=\"0\"><\/td>\n<td><span style=\"font-family: arial, helvetica, sans-serif; font-size: 10pt;\"><strong><a title=\"Estad\u00edsticas Educaci\u00f3n 2017\" href=\"upload\/Estadisticas_Educacion_2017_web.pdf\" target=\"_blank\" rel=\"noopener\">Estadisticas de Educacion 2017<\/a><\/strong><\/span><\/td>\n<\/tr>\n<tr>\n<td><img decoding=\"async\" loading=\"lazy\" style=\"display: block; margin-left: auto; margin-right: auto;\" title=\"Icono Link\" src=\"https:\/\/dges-cba.infd.edu.ar\/sitio\/wp-content\/uploads\/2018\/08\/icono_link.png\" alt=\"Icono Link\" width=\"60%\" height=\"60%\" border=\"0\"><\/td>\n<td><span style=\"font-family: arial, helvetica, sans-serif; font-size: 10pt;\"><strong><a title=\"Oficio de Ense\u00f1ar\" href=\"index.cgi?wid_item=218&amp;wid_seccion=17\">Oficio de Ense\u00f1ar<\/a><\/strong><\/span><\/td>\n<\/tr>\n<tr>\n<td><img decoding=\"async\" loading=\"lazy\" style=\"display: block; margin-left: auto; margin-right: auto;\" title=\"Icono Link\" src=\"https:\/\/dges-cba.infd.edu.ar\/sitio\/wp-content\/uploads\/2018\/08\/icono_link.png\" alt=\"Icono Link\" width=\"60%\" height=\"60%\" border=\"0\"><\/td>\n<td><span style=\"font-family: arial, helvetica, sans-serif; font-size: 10pt;\"><strong><a title=\"Plan de Acci\u00f3n 2017\" href=\"index.cgi?wid_item=215&amp;wid_seccion=17\">Plan de Acci\u00f3n 2017<\/a><\/strong><\/span><\/td>\n<\/tr>\n<tr>\n<td><img decoding=\"async\" loading=\"lazy\" style=\"display: block; margin-left: auto; margin-right: auto;\" title=\"Icono Link\" src=\"https:\/\/dges-cba.infd.edu.ar\/sitio\/wp-content\/uploads\/2018\/08\/icono_link.png\" alt=\"Icono Link\" width=\"60%\" height=\"60%\" border=\"0\"><\/td>\n<td><span style=\"font-family: arial, helvetica, sans-serif; font-size: 10pt;\"><strong><a title=\"Plan de Acci\u00f3n 2016\" href=\"index.cgi?wid_item=214&amp;wid_seccion=17\">Plan de Acci\u00f3n 2016<\/a><\/strong><\/span><\/td>\n<\/tr>\n<tr>\n<td><img decoding=\"async\" loading=\"lazy\" style=\"display: block; margin-left: auto; margin-right: auto;\" title=\"Icono Link\" src=\"https:\/\/dges-cba.infd.edu.ar\/sitio\/wp-content\/uploads\/2018\/08\/icono_link.png\" alt=\"Icono Link\" width=\"60%\" height=\"60%\" border=\"0\"><\/td>\n<td><span style=\"font-family: arial, helvetica, sans-serif; font-size: 10pt;\"><strong><a title=\"Memoria Anual\" href=\"index.cgi?wid_item=83&amp;wid_seccion=17\">Memoria Anual (per\u00edodos del 2009 al 2019)<\/a><\/strong><\/span><\/td>\n<\/tr>\n<tr>\n<td><img decoding=\"async\" loading=\"lazy\" style=\"display: block; margin-left: auto; margin-right: auto;\" title=\"Icono Link\" src=\"https:\/\/dges-cba.infd.edu.ar\/sitio\/wp-content\/uploads\/2018\/08\/icono_link.png\" alt=\"Icono Link\" width=\"60%\" height=\"60%\" border=\"0\"><\/td>\n<td><span style=\"font-family: arial, helvetica, sans-serif; font-size: 10pt;\"><strong><a title=\"Curriculares\" href=\"index.cgi?wid_item=71&amp;wid_seccion=17\">Curriculares<\/a><\/strong><\/span><\/td>\n<\/tr>\n<tr>\n<td><img decoding=\"async\" loading=\"lazy\" style=\"display: block; margin-left: auto; margin-right: auto;\" title=\"Icono Link\" src=\"https:\/\/dges-cba.infd.edu.ar\/sitio\/wp-content\/uploads\/2018\/08\/icono_link.png\" alt=\"Icono Link\" width=\"60%\" height=\"60%\" border=\"0\"><\/td>\n<td><span style=\"font-family: arial, helvetica, sans-serif; font-size: 10pt;\"><strong><a title=\"Administrativos Generales\" href=\"index.cgi?wid_item=72&amp;wid_seccion=17\">Administrativos Generales<\/a><\/strong><\/span><\/td>\n<\/tr>\n<tr>\n<td><img decoding=\"async\" loading=\"lazy\" style=\"display: block; margin-left: auto; margin-right: auto;\" title=\"Icono Link\" src=\"https:\/\/dges-cba.infd.edu.ar\/sitio\/wp-content\/uploads\/2018\/08\/icono_link.png\" alt=\"Icono Link\" width=\"60%\" height=\"60%\" border=\"0\"><\/td>\n<td><span style=\"font-family: arial, helvetica, sans-serif; font-size: 10pt;\"><strong><a title=\"Anteriores del 2008\" href=\"index.cgi?wid_item=73&amp;wid_seccion=17\">Anteriores del 2008<\/a><\/strong><\/span><\/td>\n<\/tr>\n<tr>\n<td><img decoding=\"async\" loading=\"lazy\" style=\"display: block; margin-left: auto; margin-right: auto;\" title=\"Icono Link\" src=\"https:\/\/dges-cba.infd.edu.ar\/sitio\/wp-content\/uploads\/2018\/08\/icono_link.png\" alt=\"Icono Link\" width=\"60%\" height=\"60%\" border=\"0\"><\/td>\n<td><span style=\"font-family: arial, helvetica, sans-serif; font-size: 10pt;\"><strong><a title=\"Resoluciones del Consejo Federal de Educaci\u00f3n\" href=\"index.cgi?wid_item=74&amp;wid_seccion=17\">Resoluciones del Consejo Federal de Educaci\u00f3n<\/a><\/strong><\/span><\/td>\n<\/tr>\n<tr>\n<td><img decoding=\"async\" loading=\"lazy\" style=\"display: block; margin-left: auto; margin-right: auto;\" title=\"Icono Link\" src=\"https:\/\/dges-cba.infd.edu.ar\/sitio\/wp-content\/uploads\/2018\/08\/icono_link.png\" alt=\"Icono Link\" width=\"60%\" height=\"60%\" border=\"0\"><\/td>\n<td><span style=\"font-family: arial, helvetica, sans-serif; font-size: 10pt;\"><strong><a title=\"Normativas Provinciales\" href=\"index.cgi?wid_item=75&amp;wid_seccion=17\">Normativas Provinciales<\/a><\/strong><\/span><\/td>\n<\/tr>\n<tr>\n<td><img decoding=\"async\" loading=\"lazy\" style=\"display: block; margin-left: auto; margin-right: auto;\" title=\"Icono Link\" src=\"https:\/\/dges-cba.infd.edu.ar\/sitio\/wp-content\/uploads\/2018\/08\/icono_link.png\" alt=\"Icono Link\" width=\"60%\" height=\"60%\" border=\"0\"><\/td>\n<td><span style=\"font-family: arial, helvetica, sans-serif; font-size: 10pt;\"><strong><a title=\"Cambio Curriular de Prof. de Ed. Secundaria\" href=\"index.cgi?wid_item=91&amp;wid_seccion=17\">Cambio Curriular de Prof. de Ed. Secundaria<\/a><\/strong><\/span><\/td>\n<\/tr>\n<tr>\n<td><img decoding=\"async\" loading=\"lazy\" style=\"display: block; margin-left: auto; margin-right: auto;\" title=\"Icono Link\" src=\"https:\/\/dges-cba.infd.edu.ar\/sitio\/wp-content\/uploads\/2018\/08\/icono_link.png\" alt=\"Icono Link\" width=\"60%\" height=\"60%\" border=\"0\"><\/td>\n<td><span style=\"font-family: arial, helvetica, sans-serif; font-size: 10pt;\"><strong><a title=\"Resoluciones Ministerio de Educaci\u00f3n\" href=\"index.cgi?wid_item=101&amp;wid_seccion=17\">Resoluciones Ministerio de Educaci\u00f3n<\/a><\/strong><\/span><\/td>\n<\/tr>\n<tr>\n<td><img decoding=\"async\" loading=\"lazy\" style=\"display: block; margin-left: auto; margin-right: auto;\" title=\"Icono Link\" src=\"https:\/\/dges-cba.infd.edu.ar\/sitio\/wp-content\/uploads\/2018\/08\/icono_link.png\" alt=\"Icono Link\" width=\"60%\" height=\"60%\" border=\"0\"><\/td>\n<td><span style=\"font-family: arial, helvetica, sans-serif; font-size: 10pt;\"><strong><a title=\"Resoluciones Ministerio de Salud\" href=\"index.cgi?wid_item=179&amp;wid_seccion=17\">Resoluciones Ministerio de Salud<\/a><\/strong><\/span><\/td>\n<\/tr>\n<tr>\n<td><img decoding=\"async\" loading=\"lazy\" style=\"display: block; margin-left: auto; margin-right: auto;\" title=\"Icono Link\" src=\"https:\/\/dges-cba.infd.edu.ar\/sitio\/wp-content\/uploads\/2018\/08\/icono_link.png\" alt=\"Icono Link\" width=\"60%\" height=\"60%\" border=\"0\"><\/td>\n<td><span style=\"font-family: arial, helvetica, sans-serif; font-size: 10pt;\"><strong><a title=\"Normativas DGES\" href=\"index.cgi?wid_item=116&amp;wid_seccion=17\">Normativas DGES<\/a><\/strong><\/span><\/td>\n<\/tr>\n<tr>\n<td><img decoding=\"async\" loading=\"lazy\" style=\"display: block; margin-left: auto; margin-right: auto;\" title=\"Icono Link\" src=\"https:\/\/dges-cba.infd.edu.ar\/sitio\/wp-content\/uploads\/2018\/08\/icono_link.png\" alt=\"Icono Link\" width=\"60%\" height=\"60%\" border=\"0\"><\/td>\n<td><span style=\"font-family: arial, helvetica, sans-serif; font-size: 10pt;\"><strong><a title=\"Documentos DGES\" href=\"https:\/\/dges-cba.infd.edu.ar\/sitio\/documentos-dges\/\">Documentos DGES<\/a><\/strong><\/span><\/td>\n<\/tr>\n<tr>\n<td><img decoding=\"async\" loading=\"lazy\" style=\"display: block; margin-left: auto; margin-right: auto;\" title=\"Icono Link\" src=\"https:\/\/dges-cba.infd.edu.ar\/sitio\/wp-content\/uploads\/2018\/08\/icono_link.png\" alt=\"Icono Link\" width=\"60%\" height=\"60%\" border=\"0\"><\/td>\n<td><span style=\"font-family: arial, helvetica, sans-serif; font-size: 10pt;\"><strong><a title=\"Cooperadoras Escolares\" href=\"index.cgi?wid_item=117&amp;wid_seccion=17\">Cooperadoras Escolares<\/a><\/strong><\/span><\/td>\n<\/tr>\n<tr>\n<td><img decoding=\"async\" loading=\"lazy\" style=\"display: block; margin-left: auto; margin-right: auto;\" title=\"Icono Link\" src=\"https:\/\/dges-cba.infd.edu.ar\/sitio\/wp-content\/uploads\/2018\/08\/icono_link.png\" alt=\"Icono Link\" width=\"60%\" height=\"60%\" border=\"0\"><\/td>\n<td><span style=\"font-family: arial, helvetica, sans-serif; font-size: 10pt;\"><strong><a title=\"Normativas DGEM\" href=\"index.cgi?wid_item=121&amp;wid_seccion=17\">Normativas DGEM<\/a><\/strong><\/span><\/td>\n<\/tr>\n<tr>\n<td><img decoding=\"async\" loading=\"lazy\" style=\"display: block; margin-left: auto; margin-right: auto;\" title=\"Icono Link\" src=\"https:\/\/dges-cba.infd.edu.ar\/sitio\/wp-content\/uploads\/2018\/08\/icono_link.png\" alt=\"Icono Link\" width=\"60%\" height=\"60%\" border=\"0\"><\/td>\n<td><span style=\"font-family: arial, helvetica, sans-serif; font-size: 10pt;\"><strong><a title=\"Normativas Direcci\u00f3n Recursos Humanos\" href=\"index.cgi?wid_item=140&amp;wid_seccion=17\">Normativas Direcci\u00f3n Recursos Humanos<\/a><\/strong><\/span><\/td>\n<\/tr>\n<tr>\n<td><img decoding=\"async\" loading=\"lazy\" style=\"display: block; margin-left: auto; margin-right: auto;\" title=\"Icono Link\" src=\"https:\/\/dges-cba.infd.edu.ar\/sitio\/wp-content\/uploads\/2018\/08\/icono_link.png\" alt=\"Icono Link\" width=\"60%\" height=\"60%\" border=\"0\"><\/td>\n<td><span style=\"font-family: arial, helvetica, sans-serif; font-size: 10pt;\"><strong><a title=\"Documentos\" href=\"index.cgi?wid_item=106&amp;wid_seccion=17\">Area Contable<\/a><\/strong><\/span><\/td>\n<\/tr>\n<tr>\n<td><img decoding=\"async\" loading=\"lazy\" style=\"display: block; margin-left: auto; margin-right: auto;\" title=\"Icono Link\" src=\"https:\/\/dges-cba.infd.edu.ar\/sitio\/wp-content\/uploads\/2018\/08\/icono_link.png\" alt=\"Icono Link\" width=\"60%\" height=\"60%\" border=\"0\"><\/td>\n<td><span style=\"font-family: arial, helvetica, sans-serif; font-size: 10pt;\"><strong><a title=\"Leyes\" href=\"index.cgi?wid_item=163&amp;wid_seccion=17\">Leyes<\/a><\/strong><\/span><\/td>\n<\/tr>\n<\/tbody>\n<\/table>\n","protected":false},"excerpt":{"rendered":"<p>Documentos Evaluaci\u00f3n Desarrollo Curricular Plan de Acci\u00f3n 2019 (PES 2019 &#8211; PDF)&nbsp;&#8211; Plan de Acci\u00f3n 2019 (PES 2019 &#8211; POWER POINT) Plan de Acci\u00f3n 2018 (PES 2018 &#8211; PDF)&nbsp;&#8211; Plan de Acci\u00f3n 2018 (PES 2018 &#8211; POWER POINT) Desarrollo Profesional Cuadernos de trabajo-Propuestas de integraci\u00f3n de saberes en la Escuela Secundaria. Proyecto de Articulaci\u00f3n e &#8230; <a title=\"Documentos\" class=\"read-more\" href=\"https:\/\/dges-cba.infd.edu.ar\/sitio\/documentos\/\" aria-label=\"More on Documentos\">[+]<\/a><\/p>\n","protected":false},"author":17224,"featured_media":0,"parent":0,"menu_order":0,"comment_status":"closed","ping_status":"closed","template":"","meta":[],"acf":[],"_links":{"self":[{"href":"https:\/\/dges-cba.infd.edu.ar\/sitio\/wp-json\/wp\/v2\/pages\/8060"}],"collection":[{"href":"https:\/\/dges-cba.infd.edu.ar\/sitio\/wp-json\/wp\/v2\/pages"}],"about":[{"href":"https:\/\/dges-cba.infd.edu.ar\/sitio\/wp-json\/wp\/v2\/types\/page"}],"author":[{"embeddable":true,"href":"https:\/\/dges-cba.infd.edu.ar\/sitio\/wp-json\/wp\/v2\/users\/17224"}],"replies":[{"embeddable":true,"href":"https:\/\/dges-cba.infd.edu.ar\/sitio\/wp-json\/wp\/v2\/comments?post=8060"}],"version-history":[{"count":8,"href":"https:\/\/dges-cba.infd.edu.ar\/sitio\/wp-json\/wp\/v2\/pages\/8060\/revisions"}],"predecessor-version":[{"id":8885,"href":"https:\/\/dges-cba.infd.edu.ar\/sitio\/wp-json\/wp\/v2\/pages\/8060\/revisions\/8885"}],"wp:attachment":[{"href":"https:\/\/dges-cba.infd.edu.ar\/sitio\/wp-json\/wp\/v2\/media?parent=8060"}],"curies":[{"name":"wp","href":"https:\/\/api.w.org\/{rel}","templated":true}]}}