{"id":8199,"date":"2018-08-30T12:37:25","date_gmt":"2018-08-30T15:37:25","guid":{"rendered":"https:\/\/dges-cba.infd.edu.ar\/sitio\/normativas-dgem\/"},"modified":"2021-03-15T12:25:58","modified_gmt":"2021-03-15T15:25:58","slug":"normativas-dgem","status":"publish","type":"page","link":"https:\/\/dges-cba.infd.edu.ar\/sitio\/normativas-dgem\/","title":{"rendered":"Normativas DGEM"},"content":{"rendered":"<table border=\"0\">\n<tbody>\n<tr>\n<td>\n<p style=\"text-align: center;\"><img decoding=\"async\" title=\"Icono pdf\" src=\"https:\/\/dges-cba.infd.edu.ar\/sitio\/wp-content\/uploads\/2018\/08\/icono_pdf.gif\" alt=\"Icono pdf\" border=\"0\" \/><\/p>\n<\/td>\n<td style=\"text-align: justify;\"><span style=\"font-family: arial,helvetica,sans-serif; font-size: 10pt;\"><a href=\"https:\/\/dges-cba.infd.edu.ar\/sitio\/wp-content\/uploads\/2021\/03\/MEMO_Conjunto_01-2021.pdf\" target=\"_blank\" rel=\"noopener\"><strong>Memorandum Conjunto 01\/21<\/strong><\/a>: de la  Direcci\u00f3n General de Educaci\u00f3n T\u00e9cnica y Formaci\u00f3n Profesional, la Direcci\u00f3n General de Educaci\u00f3n Superior y la Direcci\u00f3n General de Educaci\u00f3n Secundaria sobre la Cobertura de Horas Catedra y Cargos Docentes Nivel Secundario.<\/td>\n<\/tr>\n<tr>\n<td>\n<p style=\"text-align: center;\"><img decoding=\"async\" title=\"Icono pdf\" src=\"https:\/\/dges-cba.infd.edu.ar\/sitio\/wp-content\/uploads\/2018\/08\/icono_pdf.gif\" alt=\"Icono pdf\" border=\"0\" \/><\/p>\n<\/td>\n<td style=\"text-align: justify;\"><span style=\"font-family: arial,helvetica,sans-serif; font-size: 10pt;\"><a href=\"https:\/\/dges-cba.infd.edu.ar\/sitio\/wp-content\/uploads\/2020\/11\/MEMO_Conjunto_011-20.pdf\" target=\"_blank\" rel=\"noopener\"><strong>Memorandum Conjunto 11\/20<\/strong><\/a>: de la Direcci\u00f3n General de Educaci\u00f3n Secundaria, Direcci\u00f3n General de Educaci\u00f3n T\u00e9cnica y Formaci\u00f3n Profesional, Direcci\u00f3n General de Educaci\u00f3n Superior, Direcci\u00f3n General de Educaci\u00f3n de J\u00f3venes y Adultos y la Direcci\u00f3n General de Educaci\u00f3n Especial y Hospitalaria sobre Convocatoria de inscripci\u00f3n para aspirantes a la cobertura de Cargos\/Horas C\u00e1tedra interinos\/suplentes del ciclo lectivo 2021 en Junta de Clasificaci\u00f3n de Nivel Secundario.<\/td>\n<\/tr>\n<tr>\n<td>\n<p style=\"text-align: center;\"><img decoding=\"async\" title=\"Icono pdf\" src=\"https:\/\/dges-cba.infd.edu.ar\/sitio\/wp-content\/uploads\/2018\/08\/icono_pdf.gif\" alt=\"Icono pdf\" border=\"0\" \/><\/p>\n<\/td>\n<td style=\"text-align: justify;\"><span style=\"font-family: arial,helvetica,sans-serif; font-size: 10pt;\"><a href=\"https:\/\/dges-cba.infd.edu.ar\/sitio\/wp-content\/uploads\/2020\/10\/MEMO_10-2020.pdf\" target=\"_blank\" rel=\"noopener\"><strong>Memorandum Conjunto 10\/20<\/strong><\/a>: de la Direcci\u00f3n General de Educaci\u00f3n T\u00e9cnica y Formaci\u00f3n Profesional, Direcci\u00f3n General de Educaci\u00f3n Superior, Direcci\u00f3n General de Educaci\u00f3n Secundaria y Direcci\u00f3n General de Ense\u00f1anza Privada sobre los Lineamientos para la acreditaci\u00f3n del tercer espacio curricular adeudado.<\/td>\n<\/tr>\n<tr>\n<td>\n<p style=\"text-align: center;\"><img decoding=\"async\" title=\"Icono pdf\" src=\"https:\/\/dges-cba.infd.edu.ar\/sitio\/wp-content\/uploads\/2018\/08\/icono_pdf.gif\" alt=\"Icono pdf\" border=\"0\" \/><\/p>\n<\/td>\n<td style=\"text-align: justify;\"><span style=\"font-family: arial,helvetica,sans-serif; font-size: 10pt;\"><a href=\"https:\/\/dges-cba.infd.edu.ar\/sitio\/wp-content\/uploads\/2020\/10\/MemoConjunto_9-20.pdf\" target=\"_blank\" rel=\"noopener\"><strong>Memorandum Conjunto 09\/20<\/strong><\/a>: de la Direcci\u00f3n General de Educaci\u00f3n T\u00e9cnica y Formaci\u00f3n Profesional, Direcci\u00f3n General de Educaci\u00f3n Superior, Direcci\u00f3n General de Educaci\u00f3n Secundaria y Direcci\u00f3n General de Ense\u00f1anza Privada sobre Instancias Ex\u00e1menes Excepcionales 2020.<\/td>\n<\/tr>\n<tr>\n<td>\n<p style=\"text-align: center;\"><img decoding=\"async\" title=\"Icono pdf\" src=\"https:\/\/dges-cba.infd.edu.ar\/sitio\/wp-content\/uploads\/2018\/08\/icono_pdf.gif\" alt=\"Icono pdf\" border=\"0\" \/><\/p>\n<\/td>\n<td style=\"text-align: justify;\"><span style=\"font-family: arial,helvetica,sans-serif; font-size: 10pt;\"><a href=\"https:\/\/dges-cba.infd.edu.ar\/sitio\/wp-content\/uploads\/2020\/10\/MemoConjunto_8-20.pdf\" target=\"_blank\" rel=\"noopener\"><strong>Memorandum Conjunto 08\/20<\/strong><\/a>: de la Direcci\u00f3n General de Educaci\u00f3n T\u00e9cnica y Formaci\u00f3n Profesional, Direcci\u00f3n General de Educaci\u00f3n Superior, Direcci\u00f3n General de Educaci\u00f3n Secundaria y Direcci\u00f3n General de Ense\u00f1anza Privada sobre Instancias Ex\u00e1menes Excepcionales 2020.<\/td>\n<\/tr>\n<tr>\n<td>\n<p style=\"text-align: center;\"><img decoding=\"async\" title=\"Icono pdf\" src=\"https:\/\/dges-cba.infd.edu.ar\/sitio\/wp-content\/uploads\/2018\/08\/icono_pdf.gif\" alt=\"Icono pdf\" border=\"0\" \/><\/p>\n<\/td>\n<td style=\"text-align: justify;\"><span style=\"font-family: arial,helvetica,sans-serif; font-size: 10pt;\"><a href=\"https:\/\/dges-cba.infd.edu.ar\/sitio\/wp-content\/uploads\/2020\/09\/MEMOConjunto07-20.pdf\" target=\"_blank\" rel=\"noopener\"><strong>Memorandum Conjunto 07\/20<\/strong><\/a>: de la Direcci\u00f3n General de Educaci\u00f3n T\u00e9cnica y Formaci\u00f3n Profesional, Direcci\u00f3n General de Educaci\u00f3n Superior, Direcci\u00f3n General de Educaci\u00f3n Secundaria sobre la Cobertura Excepcional de Horas Catedra Docentes 2020 de nivel Secundario.<\/td>\n<\/tr>\n<tr>\n<td>\n<p style=\"text-align: center;\"><img decoding=\"async\" title=\"Icono pdf\" src=\"https:\/\/dges-cba.infd.edu.ar\/sitio\/wp-content\/uploads\/2018\/08\/icono_pdf.gif\" alt=\"Icono pdf\" border=\"0\" \/><\/p>\n<\/td>\n<td style=\"text-align: justify;\"><span style=\"font-family: arial,helvetica,sans-serif; font-size: 10pt;\"><a href=\"https:\/\/dges-cba.infd.edu.ar\/sitio\/wp-content\/uploads\/2020\/09\/MemoConjunto_06-2020.pdf\" target=\"_blank\" rel=\"noopener\"><strong>Memorandum Conjunto 06\/20<\/strong><\/a>: de la Direcci\u00f3n General de Educaci\u00f3n T\u00e9cnica y Formaci\u00f3n Profesional, Direcci\u00f3n General de Educaci\u00f3n Superior, Direcci\u00f3n General de Educaci\u00f3n Secundaria sobre la Cobertura Excepcional de Horas Catedra Docentes 2020 de nivel Secundario.<\/td>\n<\/tr>\n<tr>\n<td>\n<p style=\"text-align: center;\"><img decoding=\"async\" title=\"Icono pdf\" src=\"https:\/\/dges-cba.infd.edu.ar\/sitio\/wp-content\/uploads\/2018\/08\/icono_pdf.gif\" alt=\"Icono pdf\" border=\"0\" \/><\/p>\n<\/td>\n<td style=\"text-align: justify;\"><span style=\"font-family: arial,helvetica,sans-serif; font-size: 10pt;\"><a href=\"https:\/\/dges-cba.infd.edu.ar\/sitio\/wp-content\/uploads\/2020\/09\/MemoConjunto_05-20.pdf\" target=\"_blank\" rel=\"noopener\"><strong>Memorandum Conjunto 05\/20<\/strong><\/a>: de la Direcci\u00f3n General de Educaci\u00f3n T\u00e9cnica y Formaci\u00f3n Profesional, Direcci\u00f3n General de Educaci\u00f3n Superior, Direcci\u00f3n General de Educaci\u00f3n Secundaria y Direcci\u00f3n General de Ense\u00f1anza Privada sobre las instancias de ex\u00e1menes excepcionales para el ciclo orientado 2020.<\/td>\n<\/tr>\n<tr>\n<td>\n<p style=\"text-align: center;\"><img decoding=\"async\" title=\"Icono pdf\" src=\"https:\/\/dges-cba.infd.edu.ar\/sitio\/wp-content\/uploads\/2018\/08\/icono_pdf.gif\" alt=\"Icono pdf\" border=\"0\" \/><\/p>\n<\/td>\n<td style=\"text-align: justify;\"><span style=\"font-family: arial,helvetica,sans-serif; font-size: 10pt;\"><a href=\"https:\/\/dges-cba.infd.edu.ar\/sitio\/wp-content\/uploads\/2020\/09\/Memorandum_conjunto03-20.pdf\" target=\"_blank\" rel=\"noopener\"><strong>Memorandum Conjunto 03\/20<\/strong><\/a>: de la  Direcci\u00f3n General de Educaci\u00f3n T\u00e9cnica y Formaci\u00f3n Profesional, Direcci\u00f3n General de Educaci\u00f3n Superior, Direcci\u00f3n General de Educaci\u00f3n Secundaria y Direcci\u00f3n General de Educaci\u00f3n de J\u00f3venes y Adultos sobre cobertura excepcional de horas c\u00e1tedras docentes 2020 para el tercer a\u00f1o de nivel secundario. <strong>Fe de Erratas (Memorandum Conjunto 04\/20):<\/strong> <a href=\"https:\/\/dges-cba.infd.edu.ar\/sitio\/wp-content\/uploads\/2020\/09\/Memorandum-Conjunto-004-2020_correccion.pdf\" target=\"_blank\" rel=\"noopener\">Clic Aqu\u00ed.<\/a><\/td>\n<\/tr>\n<tr>\n<td>\n<p style=\"text-align: center;\"><img decoding=\"async\" title=\"Icono pdf\" src=\"https:\/\/dges-cba.infd.edu.ar\/sitio\/wp-content\/uploads\/2018\/08\/icono_pdf.gif\" border=\"0\" alt=\"Icono pdf\"><\/p>\n<\/td>\n<td style=\"text-align: justify;\">\n<p><span style=\"font-family: arial,helvetica,sans-serif; font-size: 10pt;\"><strong><a title=\"MemoConjunto_001-17_InstructivoCronogrma_2017_2018\" href=\"upload\/MemoConjunto_001-17_InstructivoCronogrma_2017_2018.pdf\" target=\"_blank\">Memorandum 001\/17<\/a><\/strong>:&nbsp;de la Direcci&oacute;n General de Educaci&oacute;n Superior,&nbsp;<span>de la Direcci&oacute;n General de Educaci&oacute;n Secundaria y de la Direcci&oacute;n General de Educaci&oacute;n de J&oacute;venes y Adultos,<\/span> referido al Instructivo Administrativo &#8211; Cronograma 2017-2018.<\/span><\/p>\n<ul>\n<li><strong><span style=\"font-family: arial,helvetica,sans-serif; font-size: 10pt;\"><a title=\"Instructivo_Administrativo_Cronograma_2017_2018\" href=\"upload\/Instructivo_Administrativo_Cronograma_2017_2018.pdf\" target=\"_blank\">Instructivo Administrativo Memo 001-17<\/a><\/span><\/strong><\/li>\n<li><strong><span style=\"font-family: arial,helvetica,sans-serif; font-size: 10pt;\"><a title=\"Planillas_2018\" href=\"upload\/Planillas_2018.doc\" target=\"_blank\">Planilla Instructivo Memo 001-17<\/a>&nbsp;<\/span><\/strong><\/li>\n<\/ul>\n<\/td>\n<\/tr>\n<tr>\n<td>\n<p style=\"text-align: center;\"><img decoding=\"async\" title=\"Icono pdf\" src=\"https:\/\/dges-cba.infd.edu.ar\/sitio\/wp-content\/uploads\/2018\/08\/icono_pdf.gif\" border=\"0\" alt=\"Icono pdf\"><\/p>\n<\/td>\n<td style=\"text-align: justify;\"><span style=\"font-family: arial,helvetica,sans-serif; font-size: 10pt;\"><a title=\"Memo_DGESec-DGES-DGEJA_ 001-2015\" href=\"upload\/Memo_DGESec-DGES-DGEJA__001-2015.pdf\" target=\"_blank\"><strong>Memor&aacute;ndum Conjunto 01\/15<\/strong><\/a>: de la Direcci&oacute;n General de Educaci&oacute;n Superior, de la Direcci&oacute;n General de Educaci&oacute;n Secundaria y de la Direcci&oacute;n General de Educaci&oacute;n de J&oacute;venes y Adultos, mediante el cual se comunica el Instructivo Administrativo &#8211; Cronograma 2015\/2016 (<a title=\"Instructivo_Administrativo_Cronograma2015-2016\" href=\"upload\/Instructivo_Administrativo_Cronograma2015-2016.pdf\" target=\"_blank\">Instructivo Cronograma<\/a> &#8211; <a title=\"Instructivo_Administrativo_Cronograma2015-2016_Planillas\" href=\"upload\/Instructivo_Administrativo_Cronograma2015-2016_Planillas.pdf\" target=\"_blank\">Planillas<\/a>).<\/span><\/td>\n<\/tr>\n<tr>\n<td>\n<p style=\"text-align: center;\"><img decoding=\"async\" title=\"Icono pdf\" src=\"https:\/\/dges-cba.infd.edu.ar\/sitio\/wp-content\/uploads\/2018\/08\/icono_pdf.gif\" border=\"0\" alt=\"Icono pdf\"><\/p>\n<\/td>\n<td style=\"text-align: justify;\"><span style=\"font-family: arial,helvetica,sans-serif; font-size: 10pt;\"><a title=\"Memo_Conj_001-15_DGESec_DGES _DGETy FP_SD.E.E. _CRONOGRAMA  _2015\" href=\"upload\/Memo_Conj_001-15_DGESec_DGES__DGETy_FP_SD.E.E.__CRONOGRAMA___2015.pdf\" target=\"_blank\"><strong>Memorandum Conjunto 001\/2015<\/strong><\/a>: referido al Cronograma &#8211; Ciclo Lectivo 2015 para los Niveles Inicial, Primario y Secundario.<\/span><\/td>\n<\/tr>\n<tr>\n<td>\n<p style=\"text-align: center;\"><img decoding=\"async\" title=\"Icono pdf\" src=\"https:\/\/dges-cba.infd.edu.ar\/sitio\/wp-content\/uploads\/2018\/08\/icono_pdf.gif\" border=\"0\" alt=\"Icono pdf\"><\/p>\n<\/td>\n<td style=\"text-align: justify;\"><span style=\"font-family: arial,helvetica,sans-serif; font-size: 10pt;\"><a title=\"MemoConj001-2014\" href=\"upload\/MEMOCONJ_001-2014_InstrAdm2014_2015.pdf\" target=\"_blank\"><strong>Memorandum Conjunto 001\/2014 &#8211; Instructivo Administrativo<\/strong><\/a>: referido al Cronograma 2014-2015.<\/span><\/td>\n<\/tr>\n<tr>\n<td>\n<p style=\"text-align: center;\"><img decoding=\"async\" title=\"Icono pdf\" src=\"https:\/\/dges-cba.infd.edu.ar\/sitio\/wp-content\/uploads\/2018\/08\/icono_pdf.gif\" border=\"0\" alt=\"Icono pdf\"><\/p>\n<\/td>\n<td style=\"text-align: justify;\"><span style=\"font-family: arial,helvetica,sans-serif; font-size: 10pt;\"><a title=\"MemoConj 001-2014 Cronog\" href=\"upload\/MEMOCONJ_001-2014_InstrAdm2014_2015_Cronograma.pdf\" target=\"_blank\"><strong>Memorandum Conjunto 001\/2014 Instructivo Administrativo &#8211; Cronograma<\/strong><\/a>: referido al Cronograma de Recepci&oacute;n de Solicitudes para concentraci&oacute;n, Acrecentamiento, Cambio de C&aacute;tedra y Rehubicaci&oacute;n de Horas Institucionales.<\/span><\/td>\n<\/tr>\n<tr>\n<td>\n<p style=\"text-align: center;\"><img decoding=\"async\" title=\"Icono pdf\" src=\"https:\/\/dges-cba.infd.edu.ar\/sitio\/wp-content\/uploads\/2018\/08\/icono_pdf.gif\" border=\"0\" alt=\"Icono pdf\"><\/p>\n<\/td>\n<td style=\"text-align: justify;\"><span style=\"font-family: arial,helvetica,sans-serif; font-size: 10pt;\"><a title=\"MemoConj 001-2014 Planillas\" href=\"upload\/MEMOCONJ_001-2014_InstrAdm2014_2015_Planillas.pdf\" target=\"_blank\"><strong>Memorandum Conjunto 001\/2014 Instructivo Administrativo &#8211; Planillas<\/strong><\/a>: referido a las Planillas y Formularios de Solicitud para concentraci&oacute;n, Acrecentamiento, Cambio de C&aacute;tedra y Rehubicaci&oacute;n de Horas Institucionales.<\/span><\/td>\n<\/tr>\n<tr>\n<td>\n<p style=\"text-align: center;\"><img decoding=\"async\" title=\"Icono pdf\" src=\"https:\/\/dges-cba.infd.edu.ar\/sitio\/wp-content\/uploads\/2018\/08\/icono_pdf.gif\" border=\"0\" alt=\"Icono pdf\"><\/p>\n<\/td>\n<td style=\"text-align: justify;\"><span style=\"font-family: arial,helvetica,sans-serif; font-size: 10pt;\"><a title=\"Rectif_Memo_005-14_DGES_DGESec\" href=\"upload\/Rectificaci%F3n_Memo_005_14_LOM.pdf\" target=\"_blank\"><strong>Rectificaci&oacute;n Memor&aacute;ndum Conjunto 005\/14<\/strong><\/a>: Referido a la Rectificaci&oacute;n de las fechas del Memor&aacute;ndum Conjunto 005-14<\/span><\/td>\n<\/tr>\n<tr>\n<td>\n<p style=\"text-align: center;\"><img decoding=\"async\" title=\"Icono pdf\" src=\"https:\/\/dges-cba.infd.edu.ar\/sitio\/wp-content\/uploads\/2018\/08\/icono_pdf.gif\" border=\"0\" alt=\"Icono pdf\"><\/p>\n<\/td>\n<td style=\"text-align: justify;\"><span style=\"font-family: arial,helvetica,sans-serif; font-size: 10pt;\"><a title=\"Memor_005-14_DGES_DGESec\" href=\"upload\/MEMO_N_005_-_2014_-__DGES_-_DGESec.pdf\" target=\"_blank\"><strong>Memor&aacute;ndum Conjunto 005\/14<\/strong><\/a>: de la Direcci&oacute;n General de Ense&ntilde;anza Superior, Direcci&oacute;n General de Educaci&oacute;n de J&oacute;venes y Adultos, Direcci&oacute;n General de Educaci&oacute;n Secundaria, Direcci&oacute;n General de Reg&iacute;menes Especiales y Direcci&oacute;n General de Educaci&oacute;n T&eacute;cnica referido a consulta de LOM Definitivas, LOM de traslados y LOM definitiva para Cargos de INSP.<\/span><\/td>\n<\/tr>\n<tr>\n<td>\n<p style=\"text-align: center;\"><img decoding=\"async\" title=\"Icono pdf\" src=\"https:\/\/dges-cba.infd.edu.ar\/sitio\/wp-content\/uploads\/2018\/08\/icono_pdf.gif\" border=\"0\" alt=\"Icono pdf\"><\/p>\n<\/td>\n<td style=\"text-align: justify;\"><span style=\"font-family: arial,helvetica,sans-serif; font-size: 10pt;\"><a title=\"Memor_006-14_DGES_DGESec\" href=\"upload\/Memor_006-14_DGES_DGESec.pdf\" target=\"_blank\"><strong>Memor&aacute;ndum Conjunto 06\/14<\/strong><\/a>: de la Direcci&oacute;n General de Educaci&oacute;n Superior y de la Direcci&oacute;n General de Educaci&oacute;n Secundaria, referido a Experiencias de Integraci&oacute;n Pedag&oacute;gica de las TIC desarrolladas en la Especializaci&oacute;n Docente de Nivel Superior en Educaci&oacute;n y TIC.<\/span><\/td>\n<\/tr>\n<tr>\n<td>\n<p style=\"text-align: center;\"><img decoding=\"async\" title=\"Icono pdf\" src=\"https:\/\/dges-cba.infd.edu.ar\/sitio\/wp-content\/uploads\/2018\/08\/icono_pdf.gif\" border=\"0\" alt=\"Icono pdf\"><\/p>\n<\/td>\n<td style=\"text-align: justify;\"><span style=\"font-family: arial,helvetica,sans-serif; font-size: 10pt;\"><a title=\"Memor_05-2014_DGESec_DGES\" href=\"upload\/Memor_05-2014_DGESec_DGES.pdf\" target=\"_blank\"><strong>Memor&aacute;ndum Conjunto 05\/14<\/strong><\/a>: de la Direcci&oacute;n General de Educaci&oacute;n Superior y de la Direcci&oacute;n General de Educaci&oacute;n Secundaria, referido al cambio de Direcciones de Nivel de Centros Educativos.<\/span><\/td>\n<\/tr>\n<tr>\n<td>\n<p style=\"text-align: center;\"><img decoding=\"async\" title=\"OTRO ICONO WORD\" src=\"https:\/\/dges-cba.infd.edu.ar\/sitio\/wp-content\/uploads\/2018\/08\/icono_word.gif\" border=\"0\" alt=\"OTRO ICONO WORD\"><\/p>\n<\/td>\n<td style=\"text-align: justify;\"><a title=\"Memor&aacute;ndum N&ordm; 04\/10 - DGEM\" href=\"upload\/memo_media0410.doc\" target=\"_blank\"><strong><span style=\"font-family: arial,helvetica,sans-serif; font-size: 10pt;\">Memor&aacute;ndum N&ordm; 04\/10<\/span><\/strong><\/a><\/td>\n<\/tr>\n<tr>\n<td>\n<p style=\"text-align: center;\"><img decoding=\"async\" title=\"OTRO ICONO WORD\" src=\"https:\/\/dges-cba.infd.edu.ar\/sitio\/wp-content\/uploads\/2018\/08\/icono_word.gif\" border=\"0\" alt=\"OTRO ICONO WORD\"><\/p>\n<\/td>\n<td style=\"text-align: justify;\"><a title=\"Memor&aacute;ndum N&ordm;  018\/10\" href=\"upload\/memo_media180510_a.doc\" target=\"_blank\"><strong><span style=\"font-family: arial,helvetica,sans-serif; font-size: 10pt;\">Memor&aacute;ndum N&ordm; 018\/10<\/span><\/strong><\/a><\/td>\n<\/tr>\n<tr>\n<td>\n<p style=\"text-align: center;\"><img decoding=\"async\" title=\"OTRO ICONO WORD\" src=\"https:\/\/dges-cba.infd.edu.ar\/sitio\/wp-content\/uploads\/2018\/08\/icono_word.gif\" border=\"0\" alt=\"OTRO ICONO WORD\"><\/p>\n<\/td>\n<td style=\"text-align: justify;\"><a title=\"Memor&aacute;ndum N&ordm; 001\/11 - DGEM\" href=\"upload\/edu_mem_220211_1.doc\" target=\"_blank\"><strong><span style=\"font-family: arial,helvetica,sans-serif; font-size: 10pt;\">Memor&aacute;ndum N&ordm; 001\/11<\/span><\/strong><\/a><\/td>\n<\/tr>\n<tr>\n<td>\n<p style=\"text-align: center;\"><img decoding=\"async\" title=\"OTRO ICONO WORD\" src=\"https:\/\/dges-cba.infd.edu.ar\/sitio\/wp-content\/uploads\/2018\/08\/icono_word.gif\" border=\"0\" alt=\"OTRO ICONO WORD\"><\/p>\n<\/td>\n<td style=\"text-align: justify;\"><span style=\"font-size: 10pt; line-height: 115%; font-family: arial,helvetica,sans-serif;\"><strong><a title=\"Reubicaci&oacute;n de personal docente 2011 a - DGEM\" href=\"upload\/edu_memo_110211_1.doc\" target=\"_blank\">Criterios para la Reubicaci&oacute;n Docente y Anexo I<\/a> &#8211; <a title=\"Reubicaci&oacute;n de personal docente 2011 b - DGEM\" href=\"upload\/edu_memo_110211_2.doc\" target=\"_blank\">Anexo II<\/a><br \/><\/strong><\/span><\/td>\n<\/tr>\n<\/tbody>\n<\/table>\n","protected":false},"excerpt":{"rendered":"<p>Memorandum Conjunto 01\/21: de la Direcci\u00f3n General de Educaci\u00f3n T\u00e9cnica y Formaci\u00f3n Profesional, la Direcci\u00f3n General de Educaci\u00f3n Superior y la Direcci\u00f3n General de Educaci\u00f3n Secundaria sobre la Cobertura de Horas Catedra y Cargos Docentes Nivel Secundario. Memorandum Conjunto 11\/20: de la Direcci\u00f3n General de Educaci\u00f3n Secundaria, Direcci\u00f3n General de Educaci\u00f3n T\u00e9cnica y Formaci\u00f3n Profesional, &#8230; <a title=\"Normativas DGEM\" class=\"read-more\" href=\"https:\/\/dges-cba.infd.edu.ar\/sitio\/normativas-dgem\/\" aria-label=\"More on Normativas DGEM\">[+]<\/a><\/p>\n","protected":false},"author":17224,"featured_media":0,"parent":0,"menu_order":0,"comment_status":"closed","ping_status":"closed","template":"","meta":[],"acf":[],"_links":{"self":[{"href":"https:\/\/dges-cba.infd.edu.ar\/sitio\/wp-json\/wp\/v2\/pages\/8199"}],"collection":[{"href":"https:\/\/dges-cba.infd.edu.ar\/sitio\/wp-json\/wp\/v2\/pages"}],"about":[{"href":"https:\/\/dges-cba.infd.edu.ar\/sitio\/wp-json\/wp\/v2\/types\/page"}],"author":[{"embeddable":true,"href":"https:\/\/dges-cba.infd.edu.ar\/sitio\/wp-json\/wp\/v2\/users\/17224"}],"replies":[{"embeddable":true,"href":"https:\/\/dges-cba.infd.edu.ar\/sitio\/wp-json\/wp\/v2\/comments?post=8199"}],"version-history":[{"count":11,"href":"https:\/\/dges-cba.infd.edu.ar\/sitio\/wp-json\/wp\/v2\/pages\/8199\/revisions"}],"predecessor-version":[{"id":8693,"href":"https:\/\/dges-cba.infd.edu.ar\/sitio\/wp-json\/wp\/v2\/pages\/8199\/revisions\/8693"}],"wp:attachment":[{"href":"https:\/\/dges-cba.infd.edu.ar\/sitio\/wp-json\/wp\/v2\/media?parent=8199"}],"curies":[{"name":"wp","href":"https:\/\/api.w.org\/{rel}","templated":true}]}}