{"id":8882,"date":"2025-05-15T09:04:58","date_gmt":"2025-05-15T12:04:58","guid":{"rendered":"https:\/\/dges-cba.infd.edu.ar\/sitio\/?page_id=8882"},"modified":"2025-05-15T09:04:59","modified_gmt":"2025-05-15T12:04:59","slug":"documentos-dges","status":"publish","type":"page","link":"https:\/\/dges-cba.infd.edu.ar\/sitio\/documentos-dges\/","title":{"rendered":"Documentos DGES"},"content":{"rendered":"<table border=\"0\">\n<tbody>\n<tr>\n<td>\n<p style=\"text-align: center;\"><img decoding=\"async\" title=\"Icono pdf\" src=\"https:\/\/dges-cba.infd.edu.ar\/sitio\/wp-content\/uploads\/2018\/08\/icono_pdf.gif\" alt=\"Icono pdf\" border=\"0\"><\/p>\n<\/td>\n<td style=\"text-align: justify;\"><span style=\"font-family: arial,helvetica,sans-serif; font-size: 10pt;\"><a href=\"https:\/\/dges-cba.infd.edu.ar\/sitio\/wp-content\/uploads\/2025\/05\/Documento-MC_v2_241223_174248.pdf\" target=\"_blank\" rel=\"noopener\"><strong>Orientaciones para la REDEFINICI\u00d3N DE PROPUESTAS INSTITUCIONALES DE MODALIDAD COMBINADA en 2025<\/strong><\/a>:&nbsp;de la Direcci\u00f3n General de Educaci\u00f3n Superior.<\/span><\/td>\n<\/tr>\n<\/tbody>\n<\/table>\n","protected":false},"excerpt":{"rendered":"<p>Orientaciones para la REDEFINICI\u00d3N DE PROPUESTAS INSTITUCIONALES DE MODALIDAD COMBINADA en 2025:&nbsp;de la Direcci\u00f3n General de Educaci\u00f3n Superior.<\/p>\n","protected":false},"author":17224,"featured_media":0,"parent":0,"menu_order":0,"comment_status":"closed","ping_status":"closed","template":"","meta":[],"acf":[],"_links":{"self":[{"href":"https:\/\/dges-cba.infd.edu.ar\/sitio\/wp-json\/wp\/v2\/pages\/8882"}],"collection":[{"href":"https:\/\/dges-cba.infd.edu.ar\/sitio\/wp-json\/wp\/v2\/pages"}],"about":[{"href":"https:\/\/dges-cba.infd.edu.ar\/sitio\/wp-json\/wp\/v2\/types\/page"}],"author":[{"embeddable":true,"href":"https:\/\/dges-cba.infd.edu.ar\/sitio\/wp-json\/wp\/v2\/users\/17224"}],"replies":[{"embeddable":true,"href":"https:\/\/dges-cba.infd.edu.ar\/sitio\/wp-json\/wp\/v2\/comments?post=8882"}],"version-history":[{"count":1,"href":"https:\/\/dges-cba.infd.edu.ar\/sitio\/wp-json\/wp\/v2\/pages\/8882\/revisions"}],"predecessor-version":[{"id":8884,"href":"https:\/\/dges-cba.infd.edu.ar\/sitio\/wp-json\/wp\/v2\/pages\/8882\/revisions\/8884"}],"wp:attachment":[{"href":"https:\/\/dges-cba.infd.edu.ar\/sitio\/wp-json\/wp\/v2\/media?parent=8882"}],"curies":[{"name":"wp","href":"https:\/\/api.w.org\/{rel}","templated":true}]}}